{"id":138,"date":"2024-09-12T23:35:24","date_gmt":"2024-09-12T21:35:24","guid":{"rendered":"https:\/\/asso-infact.fr\/?page_id=138"},"modified":"2024-11-25T12:09:06","modified_gmt":"2024-11-25T11:09:06","slug":"le-projet","status":"publish","type":"page","link":"https:\/\/asso-infact.fr\/index.php\/le-projet\/","title":{"rendered":"Le projet"},"content":{"rendered":"\t\t<div data-elementor-type=\"wp-page\" data-elementor-id=\"138\" class=\"elementor elementor-138\">\n\t\t\t\t<div class=\"elementor-element elementor-element-f8df7a7 e-flex e-con-boxed e-con e-parent\" data-id=\"f8df7a7\" data-element_type=\"container\">\n\t\t\t\t\t<div class=\"e-con-inner\">\n\t\t<div class=\"elementor-element elementor-element-2a970e4 e-con-full e-flex e-con e-child\" data-id=\"2a970e4\" data-element_type=\"container\">\n\t\t\t\t<div class=\"elementor-element elementor-element-6bebce9 elementor-widget elementor-widget-text-editor\" data-id=\"6bebce9\" data-element_type=\"widget\" data-widget_type=\"text-editor.default\">\n\t\t\t\t<div class=\"elementor-widget-container\">\n\t\t\t\t\t\t\t<p>In Fact,\u00a0<em>infuseur artistique, culturel et territorial\u00a0<\/em>est une association loi 1901, cr\u00e9\u00e9e en janvier 2018 sous la direction artistique de\u00a0<a href=\"https:\/\/asso-infact.fr\/index.php\/carine-cotillon\/\" data-type=\"page\" data-id=\"675\">Carine Cotillon<\/a>.<\/p><p><strong>Son but est la promotion de l\u2019art et la culture sous toutes ses formes comme outil de d\u00e9veloppement du lien social.\u00a0<\/strong><\/p><p>Elle \u0153uvre \u00e0 la\u00a0cr\u00e9ation, la production et la diffusion de spectacles vivants pluridisciplinaires, ainsi qu\u2019au d\u00e9veloppement de divers projets culturels et artistiques ayant une d\u00e9marche de transmission et d\u2019enseignement \u00e0 la population dans sa diversit\u00e9.<\/p><p>L\u2019association s\u2019affirme comme un\u00a0outil\u00a0actif de cr\u00e9ation en interaction avec le territoire, pour\u00a0interroger sa\u00a0soci\u00e9t\u00e9.<br \/>Par des cr\u00e9ations participatives et des actions de transmission inclusives, les artistes d\u2019In Fact tentent d\u2019\u00e9clairer le bouillonnement et d\u2019\u00e9couter le bourdonnement, de faire \u00e9merger l\u2019intimit\u00e9 de quelques-un.e.s pour raconter \u00e0 leur fa\u00e7on, le monde.<\/p>\t\t\t\t\t\t<\/div>\n\t\t\t\t<\/div>\n\t\t\t\t<\/div>\n\t\t<div class=\"elementor-element elementor-element-8e3764b e-con-full e-flex e-con e-child\" data-id=\"8e3764b\" data-element_type=\"container\">\n\t\t\t\t<div class=\"elementor-element elementor-element-03bc02f elementor-widget elementor-widget-image\" data-id=\"03bc02f\" data-element_type=\"widget\" data-widget_type=\"image.default\">\n\t\t\t\t<div class=\"elementor-widget-container\">\n\t\t\t\t\t\t\t\t\t\t<figure class=\"wp-caption\">\n\t\t\t\t\t\t\t\t\t\t<img fetchpriority=\"high\" decoding=\"async\" width=\"2048\" height=\"1152\" src=\"https:\/\/asso-infact.fr\/wp-content\/uploads\/INFACT-LaCompagnie-Projet-Crapo.jpg\" class=\"attachment-full size-full wp-image-1095\" alt=\"\" srcset=\"https:\/\/asso-infact.fr\/wp-content\/uploads\/INFACT-LaCompagnie-Projet-Crapo.jpg 2048w, https:\/\/asso-infact.fr\/wp-content\/uploads\/INFACT-LaCompagnie-Projet-Crapo-300x169.jpg 300w, https:\/\/asso-infact.fr\/wp-content\/uploads\/INFACT-LaCompagnie-Projet-Crapo-1024x576.jpg 1024w, https:\/\/asso-infact.fr\/wp-content\/uploads\/INFACT-LaCompagnie-Projet-Crapo-768x432.jpg 768w, https:\/\/asso-infact.fr\/wp-content\/uploads\/INFACT-LaCompagnie-Projet-Crapo-1536x864.jpg 1536w\" sizes=\"(max-width: 2048px) 100vw, 2048px\" \/>\t\t\t\t\t\t\t\t\t\t\t<figcaption class=\"widget-image-caption wp-caption-text\">Le Crapo \u00a9 Sylvain Jouanne <\/figcaption>\n\t\t\t\t\t\t\t\t\t\t<\/figure>\n\t\t\t\t\t\t\t<\/div>\n\t\t\t\t<\/div>\n\t\t\t\t<div class=\"elementor-element elementor-element-77958a9 elementor-widget elementor-widget-spacer\" data-id=\"77958a9\" data-element_type=\"widget\" data-widget_type=\"spacer.default\">\n\t\t\t\t<div class=\"elementor-widget-container\">\n\t\t\t\t\t<div class=\"elementor-spacer\">\n\t\t\t<div class=\"elementor-spacer-inner\"><\/div>\n\t\t<\/div>\n\t\t\t\t<\/div>\n\t\t\t\t<\/div>\n\t\t\t\t<div class=\"elementor-element elementor-element-6faff33 elementor-widget elementor-widget-text-editor\" data-id=\"6faff33\" data-element_type=\"widget\" data-widget_type=\"text-editor.default\">\n\t\t\t\t<div class=\"elementor-widget-container\">\n\t\t\t\t\t\t\t<p>L\u2019association IN FACT a son bureau au\u00a0<a href=\"https:\/\/www.crapo.fr\/\" target=\"_blank\" rel=\"noreferrer noopener\">Crapo<\/a>\u00a0!<br \/><em>Espace mutualis\u00e9<\/em>\u00a0entre acteurs de l\u2019\u00c9conomie Sociale, Solidaire &amp; Circulaire. Il accueille de nombreuses activit\u00e9s entre r\u00e9emploi &amp; culture.<\/p>\t\t\t\t\t\t<\/div>\n\t\t\t\t<\/div>\n\t\t\t\t<\/div>\n\t\t\t\t\t<\/div>\n\t\t\t\t<\/div>\n\t\t\t\t<\/div>\n\t\t","protected":false},"excerpt":{"rendered":"<p>In Fact,\u00a0infuseur artistique, culturel et territorial\u00a0est une association loi 1901, cr\u00e9\u00e9e en janvier 2018 sous la direction artistique de\u00a0Carine Cotillon. Son but est la promotion de l\u2019art et la culture sous toutes ses formes comme outil de d\u00e9veloppement du lien social.\u00a0 Elle \u0153uvre \u00e0 la\u00a0cr\u00e9ation, la production et la diffusion de spectacles vivants pluridisciplinaires, ainsi&hellip;&nbsp;<a href=\"https:\/\/asso-infact.fr\/index.php\/le-projet\/\" class=\"\" rel=\"bookmark\">Lire la suite &raquo;<span class=\"screen-reader-text\">Le projet<\/span><\/a><\/p>\n","protected":false},"author":1,"featured_media":0,"parent":0,"menu_order":11,"comment_status":"closed","ping_status":"closed","template":"","meta":{"inline_featured_image":false,"neve_meta_sidebar":"","neve_meta_container":"","neve_meta_enable_content_width":"","neve_meta_content_width":0,"neve_meta_title_alignment":"","neve_meta_author_avatar":"","neve_post_elements_order":"","neve_meta_disable_header":"","neve_meta_disable_footer":"","neve_meta_disable_title":"","_ti_tpc_template_sync":false,"_ti_tpc_template_id":"","footnotes":""},"class_list":["post-138","page","type-page","status-publish","hentry"],"_links":{"self":[{"href":"https:\/\/asso-infact.fr\/index.php\/wp-json\/wp\/v2\/pages\/138","targetHints":{"allow":["GET"]}}],"collection":[{"href":"https:\/\/asso-infact.fr\/index.php\/wp-json\/wp\/v2\/pages"}],"about":[{"href":"https:\/\/asso-infact.fr\/index.php\/wp-json\/wp\/v2\/types\/page"}],"author":[{"embeddable":true,"href":"https:\/\/asso-infact.fr\/index.php\/wp-json\/wp\/v2\/users\/1"}],"replies":[{"embeddable":true,"href":"https:\/\/asso-infact.fr\/index.php\/wp-json\/wp\/v2\/comments?post=138"}],"version-history":[{"count":77,"href":"https:\/\/asso-infact.fr\/index.php\/wp-json\/wp\/v2\/pages\/138\/revisions"}],"predecessor-version":[{"id":2213,"href":"https:\/\/asso-infact.fr\/index.php\/wp-json\/wp\/v2\/pages\/138\/revisions\/2213"}],"wp:attachment":[{"href":"https:\/\/asso-infact.fr\/index.php\/wp-json\/wp\/v2\/media?parent=138"}],"curies":[{"name":"wp","href":"https:\/\/api.w.org\/{rel}","templated":true}]}}