{"id":35,"date":"2024-09-09T17:10:04","date_gmt":"2024-09-09T15:10:04","guid":{"rendered":"https:\/\/asso-infact.fr\/index.php\/home\/"},"modified":"2024-12-06T12:02:28","modified_gmt":"2024-12-06T11:02:28","slug":"accueil","status":"publish","type":"page","link":"https:\/\/asso-infact.fr\/","title":{"rendered":"Accueil"},"content":{"rendered":"\t\t<div data-elementor-type=\"wp-page\" data-elementor-id=\"35\" class=\"elementor elementor-35\">\n\t\t\t\t<div class=\"elementor-element elementor-element-bda4c93 e-flex e-con-boxed elementor-invisible e-con e-parent\" data-id=\"bda4c93\" data-element_type=\"container\" data-settings=\"{&quot;background_background&quot;:&quot;classic&quot;,&quot;animation&quot;:&quot;fadeInUp&quot;}\">\n\t\t\t\t\t<div class=\"e-con-inner\">\n\t\t\t\t<div class=\"elementor-element elementor-element-6bd6646 elementor-widget elementor-widget-heading\" data-id=\"6bd6646\" data-element_type=\"widget\" data-widget_type=\"heading.default\">\n\t\t\t\t<div class=\"elementor-widget-container\">\n\t\t\t<h2 class=\"elementor-heading-title elementor-size-default\">Nos derni\u00e8res actions<\/h2>\t\t<\/div>\n\t\t\t\t<\/div>\n\t\t\t\t<div class=\"elementor-element elementor-element-803d088 elementor-widget elementor-widget-spacer\" data-id=\"803d088\" data-element_type=\"widget\" data-widget_type=\"spacer.default\">\n\t\t\t\t<div class=\"elementor-widget-container\">\n\t\t\t\t\t<div class=\"elementor-spacer\">\n\t\t\t<div class=\"elementor-spacer-inner\"><\/div>\n\t\t<\/div>\n\t\t\t\t<\/div>\n\t\t\t\t<\/div>\n\t\t\t\t<div class=\"elementor-element elementor-element-24c0b7d elementor-widget elementor-widget-tlp-portfolio\" data-id=\"24c0b7d\" data-element_type=\"widget\" data-settings=\"{&quot;_animation&quot;:&quot;none&quot;}\" data-widget_type=\"tlp-portfolio.default\">\n\t\t\t\t<div class=\"elementor-widget-container\">\n\t\t\t<div class='rt-container-fluid tlp-portfolio tlp-portfolio-container is-carousel' id='tlp-portfolio-container-659364098'><div class=\"rt-row carousel3\"><div class='pfp-carousel owl-carousel owl-theme'\r\n\t\t\t\t\t\t\t\t\tdata-loop='false'\r\n\t\t\t\t\t\t\t\t\tdata-items='4'\r\n\t\t\t\t\t\t\t\t\tdata-autoplay='false'\r\n\t\t\t\t\t\t\t\t\tdata-autoplay-timeout='5000'\r\n\t\t\t\t\t\t\t\t\tdata-autoplay-hover-pause='false'\r\n\t\t\t\t\t\t\t\t\tdata-dots='false'\r\n\t\t\t\t\t\t\t\t\tdata-nav='false'\r\n\t\t\t\t\t\t\t\t\tdata-lazyload='true'\r\n\t\t\t\t\t\t\t\t\tdata-autoheight='true'\r\n\t\t\t\t\t\t\t\t\tdata-rtl='false'\r\n\t\t\t\t\t\t\t\t\tdata-smart-speed='250'\r\n\t\t\t\t\t\t\t\t\tdata-tabcolumn='2'\r\n\t\t\t\t\t\t\t\t\tdata-mobilecolumn='1'\r\n\t\t\t\t\t\t\t\t\t><div class=' tlp-col-xs-12 tlp-single-item tlp-grid-item tlp-equal-height'><div class=\"tlp-portfolio-item\"><div class=\"tlp-portfolio-thum tlp-item\"><figure><img fetchpriority=\"high\" decoding=\"async\" width=\"868\" height=\"560\" src=\"https:\/\/asso-infact.fr\/wp-content\/uploads\/01.jpg\" class=\"img-responsive\" alt=\"\" \/><\/figure><div class=\"tlp-overlay\"><p class=\"link-icon\"><a target=\"_self\" href=\"https:\/\/asso-infact.fr\/index.php\/portfolio\/histoires-damoureuses\/\"><i class=\"demo-icon icon-link-ext\"><\/i><\/a><\/p><\/div><\/div><div class=\"tlp-content\"><div class=\"tlp-content-holder\"><h3><a target=\"_self\" href=\"https:\/\/asso-infact.fr\/index.php\/portfolio\/histoires-damoureuses\/\">Histoires d&rsquo;amour[euses] <\/a><\/h3>  <\/div><\/div><\/div><\/div><div class=' tlp-col-xs-12 tlp-single-item tlp-grid-item tlp-equal-height'><div class=\"tlp-portfolio-item\"><div class=\"tlp-portfolio-thum tlp-item\"><figure><img decoding=\"async\" width=\"868\" height=\"560\" src=\"https:\/\/asso-infact.fr\/wp-content\/uploads\/in-fact-aretique-1.jpg\" class=\"img-responsive\" alt=\"\" \/><\/figure><div class=\"tlp-overlay\"><p class=\"link-icon\"><a target=\"_self\" href=\"https:\/\/asso-infact.fr\/index.php\/portfolio\/arctique\/\"><i class=\"demo-icon icon-link-ext\"><\/i><\/a><\/p><\/div><\/div><div class=\"tlp-content\"><div class=\"tlp-content-holder\"><h3><a target=\"_self\" href=\"https:\/\/asso-infact.fr\/index.php\/portfolio\/arctique\/\">Ar\u20actique <\/a><\/h3>  <\/div><\/div><\/div><\/div><div class=' tlp-col-xs-12 tlp-single-item tlp-grid-item tlp-equal-height'><div class=\"tlp-portfolio-item\"><div class=\"tlp-portfolio-thum tlp-item\"><figure><img decoding=\"async\" width=\"868\" height=\"560\" src=\"https:\/\/asso-infact.fr\/wp-content\/uploads\/03.jpg\" class=\"img-responsive\" alt=\"\" \/><\/figure><div class=\"tlp-overlay\"><p class=\"link-icon\"><a target=\"_self\" href=\"https:\/\/asso-infact.fr\/index.php\/portfolio\/fraternite-les-lettres-voyageuses\/\"><i class=\"demo-icon icon-link-ext\"><\/i><\/a><\/p><\/div><\/div><div class=\"tlp-content\"><div class=\"tlp-content-holder\"><h3><a target=\"_self\" href=\"https:\/\/asso-infact.fr\/index.php\/portfolio\/fraternite-les-lettres-voyageuses\/\">Fraternit\u00e9 \u2013 Les lettres voyageuses <\/a><\/h3>  <\/div><\/div><\/div><\/div><div class=' tlp-col-xs-12 tlp-single-item tlp-grid-item tlp-equal-height'><div class=\"tlp-portfolio-item\"><div class=\"tlp-portfolio-thum tlp-item\"><figure><img loading=\"lazy\" decoding=\"async\" width=\"868\" height=\"560\" src=\"https:\/\/asso-infact.fr\/wp-content\/uploads\/09.jpg\" class=\"img-responsive\" alt=\"\" \/><\/figure><div class=\"tlp-overlay\"><p class=\"link-icon\"><a target=\"_self\" href=\"https:\/\/asso-infact.fr\/index.php\/portfolio\/liberte\/\"><i class=\"demo-icon icon-link-ext\"><\/i><\/a><\/p><\/div><\/div><div class=\"tlp-content\"><div class=\"tlp-content-holder\"><h3><a target=\"_self\" href=\"https:\/\/asso-infact.fr\/index.php\/portfolio\/liberte\/\">Libert\u00e9 <\/a><\/h3>  <\/div><\/div><\/div><\/div><div class=' tlp-col-xs-12 tlp-single-item tlp-grid-item tlp-equal-height'><div class=\"tlp-portfolio-item\"><div class=\"tlp-portfolio-thum tlp-item\"><figure><img loading=\"lazy\" decoding=\"async\" width=\"868\" height=\"560\" src=\"https:\/\/asso-infact.fr\/wp-content\/uploads\/08.jpg\" class=\"img-responsive\" alt=\"\" \/><\/figure><div class=\"tlp-overlay\"><p class=\"link-icon\"><a target=\"_self\" href=\"https:\/\/asso-infact.fr\/index.php\/portfolio\/egalite-exil-voyage-pour-un-futur\/\"><i class=\"demo-icon icon-link-ext\"><\/i><\/a><\/p><\/div><\/div><div class=\"tlp-content\"><div class=\"tlp-content-holder\"><h3><a target=\"_self\" href=\"https:\/\/asso-infact.fr\/index.php\/portfolio\/egalite-exil-voyage-pour-un-futur\/\">\u00c9galit\u00e9 \u2013 Exil voyage pour un futur <\/a><\/h3>  <\/div><\/div><\/div><\/div><div class=' tlp-col-xs-12 tlp-single-item tlp-grid-item tlp-equal-height'><div class=\"tlp-portfolio-item\"><div class=\"tlp-portfolio-thum tlp-item\"><figure><img loading=\"lazy\" decoding=\"async\" width=\"868\" height=\"560\" src=\"https:\/\/asso-infact.fr\/wp-content\/uploads\/07.jpg\" class=\"img-responsive\" alt=\"\" \/><\/figure><div class=\"tlp-overlay\"><p class=\"link-icon\"><a target=\"_self\" href=\"https:\/\/asso-infact.fr\/index.php\/portfolio\/egalite-migration\/\"><i class=\"demo-icon icon-link-ext\"><\/i><\/a><\/p><\/div><\/div><div class=\"tlp-content\"><div class=\"tlp-content-holder\"><h3><a target=\"_self\" href=\"https:\/\/asso-infact.fr\/index.php\/portfolio\/egalite-migration\/\">\u00c9galit\u00e9 \u2013 Migration <\/a><\/h3>  <\/div><\/div><\/div><\/div><div class=' tlp-col-xs-12 tlp-single-item tlp-grid-item tlp-equal-height'><div class=\"tlp-portfolio-item\"><div class=\"tlp-portfolio-thum tlp-item\"><figure><img loading=\"lazy\" decoding=\"async\" width=\"868\" height=\"560\" src=\"https:\/\/asso-infact.fr\/wp-content\/uploads\/variation.jpg\" class=\"img-responsive\" alt=\"\" \/><\/figure><div class=\"tlp-overlay\"><p class=\"link-icon\"><a target=\"_self\" href=\"https:\/\/asso-infact.fr\/index.php\/portfolio\/variation-en-sol-lunaire\/\"><i class=\"demo-icon icon-link-ext\"><\/i><\/a><\/p><\/div><\/div><div class=\"tlp-content\"><div class=\"tlp-content-holder\"><h3><a target=\"_self\" href=\"https:\/\/asso-infact.fr\/index.php\/portfolio\/variation-en-sol-lunaire\/\">Variation en sol lunaire <\/a><\/h3>  <\/div><\/div><\/div><\/div><div class=' tlp-col-xs-12 tlp-single-item tlp-grid-item tlp-equal-height'><div class=\"tlp-portfolio-item\"><div class=\"tlp-portfolio-thum tlp-item\"><figure><img loading=\"lazy\" decoding=\"async\" width=\"868\" height=\"560\" src=\"https:\/\/asso-infact.fr\/wp-content\/uploads\/babouillec.jpg\" class=\"img-responsive\" alt=\"\" \/><\/figure><div class=\"tlp-overlay\"><p class=\"link-icon\"><a target=\"_self\" href=\"https:\/\/asso-infact.fr\/index.php\/portfolio\/caravane-babouillec\/\"><i class=\"demo-icon icon-link-ext\"><\/i><\/a><\/p><\/div><\/div><div class=\"tlp-content\"><div class=\"tlp-content-holder\"><h3><a target=\"_self\" href=\"https:\/\/asso-infact.fr\/index.php\/portfolio\/caravane-babouillec\/\">Caravane Babouillec <\/a><\/h3>  <\/div><\/div><\/div><\/div><div class=' tlp-col-xs-12 tlp-single-item tlp-grid-item tlp-equal-height'><div class=\"tlp-portfolio-item\"><div class=\"tlp-portfolio-thum tlp-item\"><figure><img loading=\"lazy\" decoding=\"async\" width=\"868\" height=\"560\" src=\"https:\/\/asso-infact.fr\/wp-content\/uploads\/02.jpg\" class=\"img-responsive\" alt=\"\" \/><\/figure><div class=\"tlp-overlay\"><p class=\"link-icon\"><a target=\"_self\" href=\"https:\/\/asso-infact.fr\/index.php\/portfolio\/pourquoi-je-danse\/\"><i class=\"demo-icon icon-link-ext\"><\/i><\/a><\/p><\/div><\/div><div class=\"tlp-content\"><div class=\"tlp-content-holder\"><h3><a target=\"_self\" href=\"https:\/\/asso-infact.fr\/index.php\/portfolio\/pourquoi-je-danse\/\">Pourquoi je danse <\/a><\/h3>  <\/div><\/div><\/div><\/div><div class=' tlp-col-xs-12 tlp-single-item tlp-grid-item tlp-equal-height'><div class=\"tlp-portfolio-item\"><div class=\"tlp-portfolio-thum tlp-item\"><figure><img loading=\"lazy\" decoding=\"async\" width=\"868\" height=\"560\" src=\"https:\/\/asso-infact.fr\/wp-content\/uploads\/10.jpg\" class=\"img-responsive\" alt=\"\" \/><\/figure><div class=\"tlp-overlay\"><p class=\"link-icon\"><a target=\"_self\" href=\"https:\/\/asso-infact.fr\/index.php\/portfolio\/je-marche-a-petit-pas\/\"><i class=\"demo-icon icon-link-ext\"><\/i><\/a><\/p><\/div><\/div><div class=\"tlp-content\"><div class=\"tlp-content-holder\"><h3><a target=\"_self\" href=\"https:\/\/asso-infact.fr\/index.php\/portfolio\/je-marche-a-petit-pas\/\">Je marche \u00e0 petit pas <\/a><\/h3>  <\/div><\/div><\/div><\/div><div class=' tlp-col-xs-12 tlp-single-item tlp-grid-item tlp-equal-height'><div class=\"tlp-portfolio-item\"><div class=\"tlp-portfolio-thum tlp-item\"><figure><img loading=\"lazy\" decoding=\"async\" width=\"868\" height=\"560\" src=\"https:\/\/asso-infact.fr\/wp-content\/uploads\/05-1.jpg\" class=\"img-responsive\" alt=\"\" \/><\/figure><div class=\"tlp-overlay\"><p class=\"link-icon\"><a target=\"_self\" href=\"https:\/\/asso-infact.fr\/index.php\/portfolio\/alchimie-des-mots\/\"><i class=\"demo-icon icon-link-ext\"><\/i><\/a><\/p><\/div><\/div><div class=\"tlp-content\"><div class=\"tlp-content-holder\"><h3><a target=\"_self\" href=\"https:\/\/asso-infact.fr\/index.php\/portfolio\/alchimie-des-mots\/\">Alchimie des mots <\/a><\/h3>  <\/div><\/div><\/div><\/div><div class=' tlp-col-xs-12 tlp-single-item tlp-grid-item tlp-equal-height'><div class=\"tlp-portfolio-item\"><div class=\"tlp-portfolio-thum tlp-item\"><figure><img loading=\"lazy\" decoding=\"async\" width=\"868\" height=\"560\" src=\"https:\/\/asso-infact.fr\/wp-content\/uploads\/04.jpg\" class=\"img-responsive\" alt=\"\" \/><\/figure><div class=\"tlp-overlay\"><p class=\"link-icon\"><a target=\"_self\" href=\"https:\/\/asso-infact.fr\/index.php\/portfolio\/nayami-au-pays-alphabet\/\"><i class=\"demo-icon icon-link-ext\"><\/i><\/a><\/p><\/div><\/div><div class=\"tlp-content\"><div class=\"tlp-content-holder\"><h3><a target=\"_self\" href=\"https:\/\/asso-infact.fr\/index.php\/portfolio\/nayami-au-pays-alphabet\/\">Nayami au pays Alphabet <\/a><\/h3>  <\/div><\/div><\/div><\/div> <\/div><\/div><\/div>\t\t<\/div>\n\t\t\t\t<\/div>\n\t\t\t\t\t<\/div>\n\t\t\t\t<\/div>\n\t\t<div class=\"elementor-element elementor-element-d5cfde3 e-flex e-con-boxed e-con e-parent\" data-id=\"d5cfde3\" data-element_type=\"container\" data-settings=\"{&quot;background_background&quot;:&quot;classic&quot;}\">\n\t\t\t\t\t<div class=\"e-con-inner\">\n\t\t\t\t<div class=\"elementor-element elementor-element-31846d3 elementor-widget elementor-widget-spacer\" data-id=\"31846d3\" data-element_type=\"widget\" data-widget_type=\"spacer.default\">\n\t\t\t\t<div class=\"elementor-widget-container\">\n\t\t\t\t\t<div class=\"elementor-spacer\">\n\t\t\t<div class=\"elementor-spacer-inner\"><\/div>\n\t\t<\/div>\n\t\t\t\t<\/div>\n\t\t\t\t<\/div>\n\t\t<div class=\"elementor-element elementor-element-3e76ab1 e-flex e-con-boxed e-con e-child\" data-id=\"3e76ab1\" data-element_type=\"container\" data-settings=\"{&quot;background_background&quot;:&quot;classic&quot;}\">\n\t\t\t\t\t<div class=\"e-con-inner\">\n\t\t\t\t<div class=\"elementor-element elementor-element-3ecd55be elementor-invisible elementor-widget elementor-widget-heading\" data-id=\"3ecd55be\" data-element_type=\"widget\" data-settings=\"{&quot;_animation&quot;:&quot;fadeIn&quot;}\" data-widget_type=\"heading.default\">\n\t\t\t\t<div class=\"elementor-widget-container\">\n\t\t\t<h1 class=\"elementor-heading-title elementor-size-default\">In Fact c\u2019est quoi ?<\/h1>\t\t<\/div>\n\t\t\t\t<\/div>\n\t\t\t\t<div class=\"elementor-element elementor-element-d0f2a19 elementor-widget__width-initial elementor-widget elementor-widget-text-editor\" data-id=\"d0f2a19\" data-element_type=\"widget\" data-widget_type=\"text-editor.default\">\n\t\t\t\t<div class=\"elementor-widget-container\">\n\t\t\t\t\t\t\t<h5 style=\"text-align: center;\"><strong>Infuseur artistique culturel territorial<br \/><\/strong><br \/><strong>In Fact, est une association culturelle de spectacle vivant.<\/strong><\/h5><p>Ses actions explorent la porosit\u00e9 de la fronti\u00e8re entre r\u00e9alit\u00e9 et fiction, et toujours en lien avec les questions de soci\u00e9t\u00e9 contemporaines.<\/p><p>Cr\u00e9ations artistiques et transmission \u00e0 la population dans sa diversit\u00e9 sont les deux axes forts de la structure.<\/p><p>Les cr\u00e9ations jaillissent d\u2019un processus d\u2019immersion sur une structure ou plus largement, sur un territoire, d\u2019o\u00f9 le terme d\u2019\u00ab infusion \u00bb.<\/p><p>La structure intervient sur projet ou \u00e0 la demande, en milieu culturel, hospitalier, scolaire, carc\u00e9ral, social, socio-culturel, m\u00e9dico-social.<\/p>\t\t\t\t\t\t<\/div>\n\t\t\t\t<\/div>\n\t\t\t\t<div class=\"elementor-element elementor-element-2a921c06 elementor-align-center elementor-invisible elementor-widget elementor-widget-button\" data-id=\"2a921c06\" data-element_type=\"widget\" data-settings=\"{&quot;_animation&quot;:&quot;fadeIn&quot;,&quot;_animation_delay&quot;:400}\" data-widget_type=\"button.default\">\n\t\t\t\t<div class=\"elementor-widget-container\">\n\t\t\t\t\t\t\t<div class=\"elementor-button-wrapper\">\n\t\t\t\t\t<a class=\"elementor-button elementor-button-link elementor-size-sm\" href=\"https:\/\/asso-infact.fr\/index.php\/creations\/\">\n\t\t\t\t\t\t<span class=\"elementor-button-content-wrapper\">\n\t\t\t\t\t\t\t\t\t<span class=\"elementor-button-text\">D\u00e9couvrir IN FACT<\/span>\n\t\t\t\t\t<\/span>\n\t\t\t\t\t<\/a>\n\t\t\t\t<\/div>\n\t\t\t\t\t\t<\/div>\n\t\t\t\t<\/div>\n\t\t\t\t\t<\/div>\n\t\t\t\t<\/div>\n\t\t\t\t<div class=\"elementor-element elementor-element-f768e04 elementor-widget elementor-widget-spacer\" data-id=\"f768e04\" data-element_type=\"widget\" data-widget_type=\"spacer.default\">\n\t\t\t\t<div class=\"elementor-widget-container\">\n\t\t\t\t\t<div class=\"elementor-spacer\">\n\t\t\t<div class=\"elementor-spacer-inner\"><\/div>\n\t\t<\/div>\n\t\t\t\t<\/div>\n\t\t\t\t<\/div>\n\t\t\t\t\t<\/div>\n\t\t\t\t<\/div>\n\t\t<div class=\"elementor-element elementor-element-4c3cac6b e-flex e-con-boxed e-con e-parent\" data-id=\"4c3cac6b\" data-element_type=\"container\">\n\t\t\t\t\t<div class=\"e-con-inner\">\n\t\t<div class=\"elementor-element elementor-element-38737bf9 e-con-full animated-slow e-flex elementor-invisible e-con e-child\" data-id=\"38737bf9\" data-element_type=\"container\" data-settings=\"{&quot;background_background&quot;:&quot;classic&quot;,&quot;animation&quot;:&quot;fadeIn&quot;}\">\n\t\t\t\t<div class=\"elementor-element elementor-element-4fa4a666 elementor-widget elementor-widget-heading\" data-id=\"4fa4a666\" data-element_type=\"widget\" data-widget_type=\"heading.default\">\n\t\t\t\t<div class=\"elementor-widget-container\">\n\t\t\t<h2 class=\"elementor-heading-title elementor-size-default\">Infusons ensemble\u00a0!!!<\/h2>\t\t<\/div>\n\t\t\t\t<\/div>\n\t\t\t\t<div class=\"elementor-element elementor-element-3e691c69 elementor-widget elementor-widget-text-editor\" data-id=\"3e691c69\" data-element_type=\"widget\" data-widget_type=\"text-editor.default\">\n\t\t\t\t<div class=\"elementor-widget-container\">\n\t\t\t\t\t\t\t<p>Vous souhaitez nous programmer\u00a0?<br \/>Vous \u00eates porteur de projet culturel\/artistique\u00a0?<br \/>Vous \u00eates une structure et souhaiteriez une intervention artistique chez vous\u00a0?<br \/>Vous souhaitez vous inscrire \u00e0 un atelier\u00a0?<br \/>Vous souhaitez nous soutenir en\u00a0\u00e9tant\u00a0b\u00e9n\u00e9vole ou adh\u00e9rent\u00a0?<br \/>Vous avez une question\u00a0?<\/p>\t\t\t\t\t\t<\/div>\n\t\t\t\t<\/div>\n\t\t\t\t<div class=\"elementor-element elementor-element-b431841 elementor-align-center elementor-invisible elementor-widget elementor-widget-button\" data-id=\"b431841\" data-element_type=\"widget\" data-settings=\"{&quot;_animation&quot;:&quot;fadeIn&quot;,&quot;_animation_delay&quot;:400}\" data-widget_type=\"button.default\">\n\t\t\t\t<div class=\"elementor-widget-container\">\n\t\t\t\t\t\t\t<div class=\"elementor-button-wrapper\">\n\t\t\t\t\t<a class=\"elementor-button elementor-button-link elementor-size-sm\" href=\"https:\/\/asso-infact.fr\/index.php\/contact\/\">\n\t\t\t\t\t\t<span class=\"elementor-button-content-wrapper\">\n\t\t\t\t\t\t\t\t\t<span class=\"elementor-button-text\">Contactez-nous !<\/span>\n\t\t\t\t\t<\/span>\n\t\t\t\t\t<\/a>\n\t\t\t\t<\/div>\n\t\t\t\t\t\t<\/div>\n\t\t\t\t<\/div>\n\t\t\t\t<\/div>\n\t\t<div class=\"elementor-element elementor-element-34530233 e-con-full animated-slow e-flex elementor-invisible e-con e-child\" data-id=\"34530233\" data-element_type=\"container\" data-settings=\"{&quot;background_background&quot;:&quot;classic&quot;,&quot;animation&quot;:&quot;fadeIn&quot;}\">\n\t\t\t\t<div class=\"elementor-element elementor-element-ac62bff elementor-widget elementor-widget-text-editor\" data-id=\"ac62bff\" data-element_type=\"widget\" data-widget_type=\"text-editor.default\">\n\t\t\t\t<div class=\"elementor-widget-container\">\n\t\t\t\t\t\t\t<h2 id=\"sur-instagram\">Suivez-nous<\/h2>\t\t\t\t\t\t<\/div>\n\t\t\t\t<\/div>\n\t\t\t\t<div class=\"elementor-element elementor-element-4e4aa8b elementor-widget elementor-widget-html\" data-id=\"4e4aa8b\" data-element_type=\"widget\" data-widget_type=\"html.default\">\n\t\t\t\t<div class=\"elementor-widget-container\">\n\t\t\t<div id=\"fb-root\"><\/div>\r\n<script async defer crossorigin=\"anonymous\" src=\"https:\/\/connect.facebook.net\/fr_FR\/sdk.js#xfbml=1&version=v21.0&appId=532044650240491\"><\/script>\r\n\r\n<div class=\"fb-page\" data-href=\"https:\/\/www.facebook.com\/infact94\" data-tabs=\"\" data-width=\"\" data-height=\"\" data-small-header=\"false\" data-adapt-container-width=\"false\" data-hide-cover=\"false\" data-show-facepile=\"false\"><blockquote cite=\"https:\/\/www.facebook.com\/infact94\" class=\"fb-xfbml-parse-ignore\"><a href=\"https:\/\/www.facebook.com\/infact94\">IN FACT<\/a><\/blockquote><\/div>\t\t<\/div>\n\t\t\t\t<\/div>\n\t\t\t\t<\/div>\n\t\t\t\t\t<\/div>\n\t\t\t\t<\/div>\n\t\t<div class=\"elementor-element elementor-element-9f1e4e4 e-flex e-con-boxed e-con e-parent\" data-id=\"9f1e4e4\" data-element_type=\"container\">\n\t\t\t\t\t<div class=\"e-con-inner\">\n\t\t\t\t<div class=\"elementor-element elementor-element-6743876 elementor-widget elementor-widget-spacer\" data-id=\"6743876\" data-element_type=\"widget\" data-widget_type=\"spacer.default\">\n\t\t\t\t<div class=\"elementor-widget-container\">\n\t\t\t\t\t<div class=\"elementor-spacer\">\n\t\t\t<div class=\"elementor-spacer-inner\"><\/div>\n\t\t<\/div>\n\t\t\t\t<\/div>\n\t\t\t\t<\/div>\n\t\t\t\t\t<\/div>\n\t\t\t\t<\/div>\n\t\t\t\t<\/div>\n\t\t","protected":false},"excerpt":{"rendered":"<p>Nos derni\u00e8res actions Histoires d&rsquo;amour[euses] Ar\u20actique Fraternit\u00e9 \u2013 Les lettres voyageuses Libert\u00e9 \u00c9galit\u00e9 \u2013 Exil voyage pour un futur \u00c9galit\u00e9 \u2013 Migration Variation en sol lunaire Caravane Babouillec Pourquoi je danse Je marche \u00e0 petit pas Alchimie des mots Nayami au pays Alphabet In Fact c\u2019est quoi ? Infuseur artistique culturel territorialIn Fact, est une&hellip;&nbsp;<a href=\"https:\/\/asso-infact.fr\/index.php\/portfolio\/nayami-au-pays-alphabet\/\" class=\"\" rel=\"bookmark\">Lire la suite &raquo;<span class=\"screen-reader-text\">Nayami au pays Alphabet<\/span><\/a><\/p>\n","protected":false},"author":1,"featured_media":0,"parent":0,"menu_order":0,"comment_status":"closed","ping_status":"closed","template":"elementor_header_footer","meta":{"inline_featured_image":false,"neve_meta_sidebar":"","neve_meta_container":"","neve_meta_enable_content_width":"","neve_meta_content_width":0,"neve_meta_title_alignment":"","neve_meta_author_avatar":"","neve_post_elements_order":"","neve_meta_disable_header":"","neve_meta_disable_footer":"","neve_meta_disable_title":"","_ti_tpc_template_sync":false,"_ti_tpc_template_id":"","footnotes":""},"class_list":["post-35","page","type-page","status-publish","hentry"],"_links":{"self":[{"href":"https:\/\/asso-infact.fr\/index.php\/wp-json\/wp\/v2\/pages\/35","targetHints":{"allow":["GET"]}}],"collection":[{"href":"https:\/\/asso-infact.fr\/index.php\/wp-json\/wp\/v2\/pages"}],"about":[{"href":"https:\/\/asso-infact.fr\/index.php\/wp-json\/wp\/v2\/types\/page"}],"author":[{"embeddable":true,"href":"https:\/\/asso-infact.fr\/index.php\/wp-json\/wp\/v2\/users\/1"}],"replies":[{"embeddable":true,"href":"https:\/\/asso-infact.fr\/index.php\/wp-json\/wp\/v2\/comments?post=35"}],"version-history":[{"count":275,"href":"https:\/\/asso-infact.fr\/index.php\/wp-json\/wp\/v2\/pages\/35\/revisions"}],"predecessor-version":[{"id":2416,"href":"https:\/\/asso-infact.fr\/index.php\/wp-json\/wp\/v2\/pages\/35\/revisions\/2416"}],"wp:attachment":[{"href":"https:\/\/asso-infact.fr\/index.php\/wp-json\/wp\/v2\/media?parent=35"}],"curies":[{"name":"wp","href":"https:\/\/api.w.org\/{rel}","templated":true}]}}